{"id":456,"date":"2022-03-24T16:03:02","date_gmt":"2022-03-24T16:03:02","guid":{"rendered":"https:\/\/aliothwp-light.pethemes.com\/?page_id=456"},"modified":"2023-11-15T00:57:43","modified_gmt":"2023-11-15T00:57:43","slug":"diseno-industrial-ecuador-contactanos","status":"publish","type":"page","link":"http:\/\/ficto.com.ec\/ficto\/diseno-industrial-ecuador-contactanos\/","title":{"rendered":"Contacto"},"content":{"rendered":"\t\t<div data-elementor-type=\"wp-page\" data-elementor-id=\"456\" class=\"elementor elementor-456\">\n\t\t\t\t\t\t<section class=\"elementor-section elementor-top-section elementor-element elementor-element-fda5da3 wrapper-wide elementor-section-boxed elementor-section-height-default elementor-section-height-default\" data-id=\"fda5da3\" data-element_type=\"section\" data-e-type=\"section\">\n\t\t\t\t\t\t<div class=\"elementor-container elementor-column-gap-default\">\n\t\t\t\t\t<div class=\"elementor-column elementor-col-50 elementor-top-column elementor-element elementor-element-945b479\" data-id=\"945b479\" data-element_type=\"column\" data-e-type=\"column\">\n\t\t\t<div class=\"elementor-widget-wrap elementor-element-populated\">\n\t\t\t\t\t\t<div class=\"elementor-element elementor-element-b1cc067 elementor-widget elementor-widget-aliothtextwrapper\" data-id=\"b1cc067\" data-element_type=\"widget\" data-e-type=\"widget\" data-widget_type=\"aliothtextwrapper.default\">\n\t\t\t\t<div class=\"elementor-widget-container\">\n\t\t\t\t\t\n\n<div class=\"text-wrapper align-left\">\n\n    <h4 class=\"has-anim\" data-animation=\"charsUp\" data-duration=\"0.8\" data-delay=\"0.1\" data-stagger=\"0.01\">Hola. \n<\/br>Sabemos que est\u00e1s aqu\u00ed por algo. \nSi piensas en emprender, renovar, o crecer tu bar, cafeter\u00eda o restaurante; conversa con nosotros.\n<\/br>Contamos con un equipo de profesionales con amplia experiencia en el sector, y te ayudaremos a crear el espacio perfecto para tu negocio.\n<\/br>\u00bfQuieres saber m\u00e1s?\nCompleta nuestro formulario de contacto y te responderemos lo antes posible.\n\u00a1Estamos deseando ayudarte a crear un espacio \u00fanico y memorable!<\/br>\nSaludos de parte de quienes hacemos Ficto\u00ae <\/h4>\n<\/div>\n\n\n\t\t\t\t<\/div>\n\t\t\t\t<\/div>\n\t\t\t\t<div class=\"elementor-element elementor-element-2e47ef1 elementor-widget elementor-widget-shortcode\" data-id=\"2e47ef1\" data-element_type=\"widget\" data-e-type=\"widget\" data-widget_type=\"shortcode.default\">\n\t\t\t\t<div class=\"elementor-widget-container\">\n\t\t\t\t\t\t\t<div class=\"elementor-shortcode\">\n<div class=\"wpcf7 no-js\" id=\"wpcf7-f177-o1\" lang=\"en-US\" dir=\"ltr\" data-wpcf7-id=\"177\">\n<div class=\"screen-reader-response\"><p role=\"status\" aria-live=\"polite\" aria-atomic=\"true\"><\/p> <ul><\/ul><\/div>\n<form action=\"\/ficto\/wp-json\/wp\/v2\/pages\/456#wpcf7-f177-o1\" method=\"post\" class=\"wpcf7-form init\" aria-label=\"Contact form\" novalidate=\"novalidate\" data-status=\"init\">\n<fieldset class=\"hidden-fields-container\"><input type=\"hidden\" name=\"_wpcf7\" value=\"177\" \/><input type=\"hidden\" name=\"_wpcf7_version\" value=\"6.1.5\" \/><input type=\"hidden\" name=\"_wpcf7_locale\" value=\"en_US\" \/><input type=\"hidden\" name=\"_wpcf7_unit_tag\" value=\"wpcf7-f177-o1\" \/><input type=\"hidden\" name=\"_wpcf7_container_post\" value=\"0\" \/><input type=\"hidden\" name=\"_wpcf7_posted_data_hash\" value=\"\" \/>\n<\/fieldset>\n<div class=\"rnr-input\">\n<span class=\"wpcf7-form-control-wrap\" data-name=\"your-name\"><input size=\"40\" maxlength=\"400\" class=\"wpcf7-form-control wpcf7-text wpcf7-validates-as-required\" aria-required=\"true\" aria-invalid=\"false\" placeholder=\"Nombre Y Apellido\" value=\"\" type=\"text\" name=\"your-name\" \/><\/span>\n<span class=\"wpcf7-form-control-wrap\" data-name=\"email-ficto\"><input size=\"40\" maxlength=\"400\" class=\"wpcf7-form-control wpcf7-email wpcf7-validates-as-required wpcf7-text wpcf7-validates-as-email\" aria-required=\"true\" aria-invalid=\"false\" placeholder=\"tucorreo@tudominio.com\" value=\"\" type=\"email\" name=\"email-ficto\" \/><\/span>\n<span class=\"wpcf7-form-control-wrap\" data-name=\"your-subject\"><input size=\"40\" maxlength=\"400\" class=\"wpcf7-form-control wpcf7-text wpcf7-validates-as-required\" aria-required=\"true\" aria-invalid=\"false\" placeholder=\"\u00bfSobre que tema quieres hablar?\" value=\"\" type=\"text\" name=\"your-subject\" \/><\/span>\n<\/div>\n<div class=\"rnr-textarea\"><span class=\"wpcf7-form-control-wrap\" data-name=\"textarea-782\"><textarea cols=\"40\" rows=\"10\" maxlength=\"2000\" class=\"wpcf7-form-control wpcf7-textarea wpcf7-validates-as-required\" aria-required=\"true\" aria-invalid=\"false\" placeholder=\"Tu mensaje aqu\u00ed\" name=\"textarea-782\"><\/textarea><\/span><\/div>\n<div class=\"rnr-submit\">\n<div><input class=\"wpcf7-form-control wpcf7-submit has-spinner\" type=\"submit\" value=\"Enviar\" \/><\/div>\n<\/div><p style=\"display: none !important;\" class=\"akismet-fields-container\" data-prefix=\"_wpcf7_ak_\"><label>&#916;<textarea name=\"_wpcf7_ak_hp_textarea\" cols=\"45\" rows=\"8\" maxlength=\"100\"><\/textarea><\/label><input type=\"hidden\" id=\"ak_js_1\" name=\"_wpcf7_ak_js\" value=\"57\"\/><script>document.getElementById( \"ak_js_1\" ).setAttribute( \"value\", ( new Date() ).getTime() );<\/script><\/p><div class=\"wpcf7-response-output\" aria-hidden=\"true\"><\/div>\n<\/form>\n<\/div>\n<\/div>\n\t\t\t\t\t\t<\/div>\n\t\t\t\t<\/div>\n\t\t\t\t\t<\/div>\n\t\t<\/div>\n\t\t\t\t<div class=\"elementor-column elementor-col-50 elementor-top-column elementor-element elementor-element-ad7dc27\" data-id=\"ad7dc27\" data-element_type=\"column\" data-e-type=\"column\">\n\t\t\t<div class=\"elementor-widget-wrap elementor-element-populated\">\n\t\t\t\t\t\t<div class=\"elementor-element elementor-element-aabe521 elementor-widget elementor-widget-aliothsingleimage\" data-id=\"aabe521\" data-element_type=\"widget\" data-e-type=\"widget\" data-widget_type=\"aliothsingleimage.default\">\n\t\t\t\t<div class=\"elementor-widget-container\">\n\t\t\t\t\t\n<!--Single Image-->\n<div  class=\"single-image center\">\n\n    \n    <img data-recalc-dims=\"1\" decoding=\"async\" class=\"has-anim\" data-animation=\"slideLeft\" data-duration=\"1\" data-delay=\"0\" data-color=\"\" alt=\"Locales de comida mexicana, dise\u00f1o de restaurantes ecuador, dise\u00f1o de locales de comida r\u00e1pida, restaurantes cumbaya, paul astudillo dise\u00f1o\" src=\"https:\/\/i0.wp.com\/ficto.com.ec\/ficto\/wp-content\/uploads\/2013\/08\/zanto-foto4.jpg?w=640\">\n\n    \n<\/div>\n<!--\/Single Image-->\n\n\n\t\t\t\t<\/div>\n\t\t\t\t<\/div>\n\t\t\t\t<div class=\"elementor-element elementor-element-0a113fd elementor-widget elementor-widget-aliothtextwrapper\" data-id=\"0a113fd\" data-element_type=\"widget\" data-e-type=\"widget\" data-widget_type=\"aliothtextwrapper.default\">\n\t\t\t\t<div class=\"elementor-widget-container\">\n\t\t\t\t\t\n\n<div class=\"text-wrapper align-left\">\n\n    <h5 class=\"has-anim\" data-animation=\"charsUp\" data-duration=\"0.8\" data-delay=\"0.1\" data-stagger=\"0.01\">En Ficto, somos especialistas en Dise\u00f1o Industrial y Arquitectura interior para restaurantes, bares, cafeter\u00edas y hoteles. Te ayudamos a crearun espacio que deje a tus clientes con la boca abierta y que te haga destacaer de la competencia. \n<\/br>Contamos con una amplica experiencia en el sector, una red de proveedores de confianza y un equipo de apasionados por la gastronom\u00eda que te asesorar\u00e1n en todo el proceso. \n<\/br> \u00bfQuieres saber m\u00e1s? Escr\u00edbenos. <\/h5>\n<\/div>\n\n\n\t\t\t\t<\/div>\n\t\t\t\t<\/div>\n\t\t\t\t\t<\/div>\n\t\t<\/div>\n\t\t\t\t\t<\/div>\n\t\t<\/section>\n\t\t\t\t<section class=\"elementor-section elementor-top-section elementor-element elementor-element-497dbf0 wrapper-smaller elementor-section-boxed elementor-section-height-default elementor-section-height-default\" data-id=\"497dbf0\" data-element_type=\"section\" data-e-type=\"section\" data-settings=\"{&quot;background_background&quot;:&quot;classic&quot;}\">\n\t\t\t\t\t\t<div class=\"elementor-container elementor-column-gap-default\">\n\t\t\t\t\t<div class=\"elementor-column elementor-col-33 elementor-top-column elementor-element elementor-element-f6fc9c6\" data-id=\"f6fc9c6\" data-element_type=\"column\" data-e-type=\"column\">\n\t\t\t<div class=\"elementor-widget-wrap elementor-element-populated\">\n\t\t\t\t\t\t<div class=\"elementor-element elementor-element-25c3c6b elementor-widget elementor-widget-text-editor\" data-id=\"25c3c6b\" data-element_type=\"widget\" data-e-type=\"widget\" data-widget_type=\"text-editor.default\">\n\t\t\t\t<div class=\"elementor-widget-container\">\n\t\t\t\t\t\t\t\t\t<h2>Conversemos<\/h2><p>Cu\u00e9ntanos sobre tu proyecto. Nos encanta conversar.<\/p>\t\t\t\t\t\t\t\t<\/div>\n\t\t\t\t<\/div>\n\t\t\t\t<div class=\"elementor-element elementor-element-dcbdefb elementor-widget elementor-widget-aliothbutton\" data-id=\"dcbdefb\" data-element_type=\"widget\" data-e-type=\"widget\" data-widget_type=\"aliothbutton.default\">\n\t\t\t\t<div class=\"elementor-widget-container\">\n\t\t\t\t\t\n<!--Button-->\n<div class=\"alioth-button align-left button-text dark\">\n\n    <div class=\"a-button style_1 light\">\n\n        <!--Button URL-->\n        <a href=\"#.\">593 983101267\n            <!--Button Icon-->\n            <i aria-hidden=\"true\" class=\"fas fa-arrow-right\"><\/i>            <!--\/Button Icon-->\n\n        <\/a>\n        <!--\/Button URL-->\n\n    <\/div>\n\n<\/div>\n    <!--\/Button-->\n\n\t\t\t\t<\/div>\n\t\t\t\t<\/div>\n\t\t\t\t\t<\/div>\n\t\t<\/div>\n\t\t\t\t<div class=\"elementor-column elementor-col-33 elementor-top-column elementor-element elementor-element-6dce713\" data-id=\"6dce713\" data-element_type=\"column\" data-e-type=\"column\">\n\t\t\t<div class=\"elementor-widget-wrap elementor-element-populated\">\n\t\t\t\t\t\t<div class=\"elementor-element elementor-element-9550c20 elementor-widget elementor-widget-text-editor\" data-id=\"9550c20\" data-element_type=\"widget\" data-e-type=\"widget\" data-widget_type=\"text-editor.default\">\n\t\t\t\t<div class=\"elementor-widget-container\">\n\t\t\t\t\t\t\t\t\t<h2>Escr\u00edbenos<\/h2><p>Con unas cuantas l\u00edneas podemos entender tu proyecto.<\/p>\t\t\t\t\t\t\t\t<\/div>\n\t\t\t\t<\/div>\n\t\t\t\t<div class=\"elementor-element elementor-element-e5ea07a elementor-widget elementor-widget-aliothbutton\" data-id=\"e5ea07a\" data-element_type=\"widget\" data-e-type=\"widget\" data-widget_type=\"aliothbutton.default\">\n\t\t\t\t<div class=\"elementor-widget-container\">\n\t\t\t\t\t\n<!--Button-->\n<div class=\"alioth-button align-left button-text dark\">\n\n    <div class=\"a-button style_1 light\">\n\n        <!--Button URL-->\n        <a href=\"mailto:hi@ficto.com.ec\">hi@ficto.com.ec\n            <!--Button Icon-->\n            <i aria-hidden=\"true\" class=\"fas fa-arrow-right\"><\/i>            <!--\/Button Icon-->\n\n        <\/a>\n        <!--\/Button URL-->\n\n    <\/div>\n\n<\/div>\n    <!--\/Button-->\n\n\t\t\t\t<\/div>\n\t\t\t\t<\/div>\n\t\t\t\t\t<\/div>\n\t\t<\/div>\n\t\t\t\t<div class=\"elementor-column elementor-col-33 elementor-top-column elementor-element elementor-element-d54318a\" data-id=\"d54318a\" data-element_type=\"column\" data-e-type=\"column\">\n\t\t\t<div class=\"elementor-widget-wrap elementor-element-populated\">\n\t\t\t\t\t\t<div class=\"elementor-element elementor-element-1a24fff elementor-widget elementor-widget-text-editor\" data-id=\"1a24fff\" data-element_type=\"widget\" data-e-type=\"widget\" data-widget_type=\"text-editor.default\">\n\t\t\t\t<div class=\"elementor-widget-container\">\n\t\t\t\t\t\t\t\t\t<h2>En la oficina<\/h2><p>Gracias a nuestros clientes, casi nunca pasamos en ella. Cu\u00e9ntamos si nos quieres visitar.<\/p>\t\t\t\t\t\t\t\t<\/div>\n\t\t\t\t<\/div>\n\t\t\t\t<div class=\"elementor-element elementor-element-28af242 elementor-widget elementor-widget-aliothbutton\" data-id=\"28af242\" data-element_type=\"widget\" data-e-type=\"widget\" data-widget_type=\"aliothbutton.default\">\n\t\t\t\t<div class=\"elementor-widget-container\">\n\t\t\t\t\t\n<!--Button-->\n<div class=\"alioth-button align-left button-text dark\">\n\n    <div class=\"a-button style_1 light\">\n\n        <!--Button URL-->\n        <a href=\"#.\">Mirar en Google Maps\n            <!--Button Icon-->\n            <i aria-hidden=\"true\" class=\"fas fa-arrow-right\"><\/i>            <!--\/Button Icon-->\n\n        <\/a>\n        <!--\/Button URL-->\n\n    <\/div>\n\n<\/div>\n    <!--\/Button-->\n\n\t\t\t\t<\/div>\n\t\t\t\t<\/div>\n\t\t\t\t\t<\/div>\n\t\t<\/div>\n\t\t\t\t\t<\/div>\n\t\t<\/section>\n\t\t\t\t<section class=\"elementor-section elementor-top-section elementor-element elementor-element-2768421 wrapper-fuller elementor-section-full_width elementor-section-height-default elementor-section-height-default\" data-id=\"2768421\" data-element_type=\"section\" data-e-type=\"section\">\n\t\t\t\t\t\t<div class=\"elementor-container elementor-column-gap-default\">\n\t\t\t\t\t<div class=\"elementor-column elementor-col-100 elementor-top-column elementor-element elementor-element-798f763\" data-id=\"798f763\" data-element_type=\"column\" data-e-type=\"column\">\n\t\t\t<div class=\"elementor-widget-wrap elementor-element-populated\">\n\t\t\t\t\t\t<div class=\"elementor-element elementor-element-441d9d7 elementor-widget elementor-widget-aliothpagenav\" data-id=\"441d9d7\" data-element_type=\"widget\" data-e-type=\"widget\" data-widget_type=\"aliothpagenav.default\">\n\t\t\t\t<div class=\"elementor-widget-container\">\n\t\t\t\t\t\n\n<!-- Page Nav -->\n<div class=\"alioth-page-nav light\" data-duration=\"8000\">\n\n    <!--Page URL-->\n    <a target=\"_self\" href=\"http:\/\/ficto.com.ec\/ficto\/portfolio\/\">\n\n        <!-- Page Title -->\n        <div class=\"page-title\">Portafolio<\/div>\n        <!-- \/Page Title -->\n\n        <!-- Page Sub-Title -->\n        <div class=\"page-sub-title\">Mira fotos de nuestros proyectos<\/div>\n        <!-- \/Page Sub-Title -->\n\n    <\/a>\n\n<\/div>\n<!-- \/Page Nav -->\n\n\n\t\t\t\t<\/div>\n\t\t\t\t<\/div>\n\t\t\t\t\t<\/div>\n\t\t<\/div>\n\t\t\t\t\t<\/div>\n\t\t<\/section>\n\t\t\t\t<\/div>\n\t\t","protected":false},"excerpt":{"rendered":"<p>Hola. Sabemos que est\u00e1s aqu\u00ed por algo. Si piensas en emprender, renovar, o crecer tu bar, cafeter\u00eda o restaurante; conversa con nosotros. Contamos con un equipo de profesionales con amplia experiencia en el sector, y te ayudaremos a crear el espacio perfecto para tu negocio. \u00bfQuieres saber m\u00e1s? Completa nuestro formulario de contacto y te [&hellip;]<\/p>\n","protected":false},"author":1,"featured_media":0,"parent":0,"menu_order":0,"comment_status":"closed","ping_status":"closed","template":"","meta":{"_acf_changed":false,"nf_dc_page":"","om_disable_all_campaigns":false,"_monsterinsights_skip_tracking":false,"_monsterinsights_sitenote_active":false,"_monsterinsights_sitenote_note":"","_monsterinsights_sitenote_category":0,"_joinchat":[],"footnotes":""},"class_list":["post-456","page","type-page","status-publish","hentry"],"acf":[],"yoast_head":"<!-- This site is optimized with the Yoast SEO plugin v27.4 - https:\/\/yoast.com\/product\/yoast-seo-wordpress\/ -->\n<title>Contacto - Ficto<\/title>\n<meta name=\"description\" content=\"Creamos objetos con alma. Especializados en restaurantes, mobiliario e iluminaci\u00f3n. Nuestro trabajo impacta positivamente. Cont\u00e1ctanos\" \/>\n<meta name=\"robots\" content=\"index, follow, max-snippet:-1, max-image-preview:large, max-video-preview:-1\" \/>\n<link rel=\"canonical\" href=\"http:\/\/ficto.com.ec\/ficto\/diseno-industrial-ecuador-contactanos\/\" \/>\n<meta property=\"og:locale\" content=\"en_US\" \/>\n<meta property=\"og:type\" content=\"article\" \/>\n<meta property=\"og:title\" content=\"Contacto - Ficto\" \/>\n<meta property=\"og:description\" content=\"Creamos objetos con alma. Especializados en restaurantes, mobiliario e iluminaci\u00f3n. Nuestro trabajo impacta positivamente. Cont\u00e1ctanos\" \/>\n<meta property=\"og:url\" content=\"http:\/\/ficto.com.ec\/ficto\/diseno-industrial-ecuador-contactanos\/\" \/>\n<meta property=\"og:site_name\" content=\"Ficto\" \/>\n<meta property=\"article:publisher\" content=\"https:\/\/www.facebook.com\/fictoec\/\" \/>\n<meta property=\"article:modified_time\" content=\"2023-11-15T00:57:43+00:00\" \/>\n<meta property=\"og:image\" content=\"http:\/\/ficto.com.ec\/ficto\/wp-content\/uploads\/2013\/08\/zanto-foto4.jpg\" \/>\n<meta name=\"twitter:card\" content=\"summary_large_image\" \/>\n<meta name=\"twitter:site\" content=\"@fictoec\" \/>\n<meta name=\"twitter:label1\" content=\"Est. reading time\" \/>\n\t<meta name=\"twitter:data1\" content=\"4 minutes\" \/>\n<script type=\"application\/ld+json\" class=\"yoast-schema-graph\">{\"@context\":\"https:\\\/\\\/schema.org\",\"@graph\":[{\"@type\":\"WebPage\",\"@id\":\"http:\\\/\\\/ficto.com.ec\\\/ficto\\\/diseno-industrial-ecuador-contactanos\\\/\",\"url\":\"http:\\\/\\\/ficto.com.ec\\\/ficto\\\/diseno-industrial-ecuador-contactanos\\\/\",\"name\":\"Contacto - Ficto\",\"isPartOf\":{\"@id\":\"http:\\\/\\\/ficto.com.ec\\\/ficto\\\/#website\"},\"primaryImageOfPage\":{\"@id\":\"http:\\\/\\\/ficto.com.ec\\\/ficto\\\/diseno-industrial-ecuador-contactanos\\\/#primaryimage\"},\"image\":{\"@id\":\"http:\\\/\\\/ficto.com.ec\\\/ficto\\\/diseno-industrial-ecuador-contactanos\\\/#primaryimage\"},\"thumbnailUrl\":\"http:\\\/\\\/ficto.com.ec\\\/ficto\\\/wp-content\\\/uploads\\\/2013\\\/08\\\/zanto-foto4.jpg\",\"datePublished\":\"2022-03-24T16:03:02+00:00\",\"dateModified\":\"2023-11-15T00:57:43+00:00\",\"description\":\"Creamos objetos con alma. Especializados en restaurantes, mobiliario e iluminaci\u00f3n. Nuestro trabajo impacta positivamente. Cont\u00e1ctanos\",\"breadcrumb\":{\"@id\":\"http:\\\/\\\/ficto.com.ec\\\/ficto\\\/diseno-industrial-ecuador-contactanos\\\/#breadcrumb\"},\"inLanguage\":\"en-US\",\"potentialAction\":[{\"@type\":\"ReadAction\",\"target\":[\"http:\\\/\\\/ficto.com.ec\\\/ficto\\\/diseno-industrial-ecuador-contactanos\\\/\"]}]},{\"@type\":\"ImageObject\",\"inLanguage\":\"en-US\",\"@id\":\"http:\\\/\\\/ficto.com.ec\\\/ficto\\\/diseno-industrial-ecuador-contactanos\\\/#primaryimage\",\"url\":\"https:\\\/\\\/i0.wp.com\\\/ficto.com.ec\\\/ficto\\\/wp-content\\\/uploads\\\/2013\\\/08\\\/zanto-foto4.jpg?fit=1080%2C1080\",\"contentUrl\":\"https:\\\/\\\/i0.wp.com\\\/ficto.com.ec\\\/ficto\\\/wp-content\\\/uploads\\\/2013\\\/08\\\/zanto-foto4.jpg?fit=1080%2C1080\",\"width\":1080,\"height\":1080,\"caption\":\"Locales de comida mexicana, dise\u00f1o de restaurantes ecuador, dise\u00f1o de locales de comida r\u00e1pida, restaurantes cumbaya, paul astudillo dise\u00f1o\"},{\"@type\":\"BreadcrumbList\",\"@id\":\"http:\\\/\\\/ficto.com.ec\\\/ficto\\\/diseno-industrial-ecuador-contactanos\\\/#breadcrumb\",\"itemListElement\":[{\"@type\":\"ListItem\",\"position\":1,\"name\":\"Home\",\"item\":\"http:\\\/\\\/ficto.com.ec\\\/ficto\\\/\"},{\"@type\":\"ListItem\",\"position\":2,\"name\":\"Contacto\"}]},{\"@type\":\"WebSite\",\"@id\":\"http:\\\/\\\/ficto.com.ec\\\/ficto\\\/#website\",\"url\":\"http:\\\/\\\/ficto.com.ec\\\/ficto\\\/\",\"name\":\"Ficto. Dise\u00f1o Industrial Ecuador\",\"description\":\"\",\"publisher\":{\"@id\":\"http:\\\/\\\/ficto.com.ec\\\/ficto\\\/#organization\"},\"potentialAction\":[{\"@type\":\"SearchAction\",\"target\":{\"@type\":\"EntryPoint\",\"urlTemplate\":\"http:\\\/\\\/ficto.com.ec\\\/ficto\\\/?s={search_term_string}\"},\"query-input\":{\"@type\":\"PropertyValueSpecification\",\"valueRequired\":true,\"valueName\":\"search_term_string\"}}],\"inLanguage\":\"en-US\"},{\"@type\":\"Organization\",\"@id\":\"http:\\\/\\\/ficto.com.ec\\\/ficto\\\/#organization\",\"name\":\"Ficto\",\"url\":\"http:\\\/\\\/ficto.com.ec\\\/ficto\\\/\",\"logo\":{\"@type\":\"ImageObject\",\"inLanguage\":\"en-US\",\"@id\":\"http:\\\/\\\/ficto.com.ec\\\/ficto\\\/#\\\/schema\\\/logo\\\/image\\\/\",\"url\":\"https:\\\/\\\/i0.wp.com\\\/ficto.com.ec\\\/ficto\\\/wp-content\\\/uploads\\\/2019\\\/02\\\/ficto_logo_pagina.png?fit=263%2C300\",\"contentUrl\":\"https:\\\/\\\/i0.wp.com\\\/ficto.com.ec\\\/ficto\\\/wp-content\\\/uploads\\\/2019\\\/02\\\/ficto_logo_pagina.png?fit=263%2C300\",\"width\":263,\"height\":300,\"caption\":\"Ficto\"},\"image\":{\"@id\":\"http:\\\/\\\/ficto.com.ec\\\/ficto\\\/#\\\/schema\\\/logo\\\/image\\\/\"},\"sameAs\":[\"https:\\\/\\\/www.facebook.com\\\/fictoec\\\/\",\"https:\\\/\\\/x.com\\\/fictoec\",\"https:\\\/\\\/www.instagram.com\\\/fictoec\"]}]}<\/script>\n<!-- \/ Yoast SEO plugin. -->","yoast_head_json":{"title":"Contacto - Ficto","description":"Creamos objetos con alma. Especializados en restaurantes, mobiliario e iluminaci\u00f3n. Nuestro trabajo impacta positivamente. Cont\u00e1ctanos","robots":{"index":"index","follow":"follow","max-snippet":"max-snippet:-1","max-image-preview":"max-image-preview:large","max-video-preview":"max-video-preview:-1"},"canonical":"http:\/\/ficto.com.ec\/ficto\/diseno-industrial-ecuador-contactanos\/","og_locale":"en_US","og_type":"article","og_title":"Contacto - Ficto","og_description":"Creamos objetos con alma. Especializados en restaurantes, mobiliario e iluminaci\u00f3n. Nuestro trabajo impacta positivamente. Cont\u00e1ctanos","og_url":"http:\/\/ficto.com.ec\/ficto\/diseno-industrial-ecuador-contactanos\/","og_site_name":"Ficto","article_publisher":"https:\/\/www.facebook.com\/fictoec\/","article_modified_time":"2023-11-15T00:57:43+00:00","og_image":[{"url":"http:\/\/ficto.com.ec\/ficto\/wp-content\/uploads\/2013\/08\/zanto-foto4.jpg","type":"","width":"","height":""}],"twitter_card":"summary_large_image","twitter_site":"@fictoec","twitter_misc":{"Est. reading time":"4 minutes"},"schema":{"@context":"https:\/\/schema.org","@graph":[{"@type":"WebPage","@id":"http:\/\/ficto.com.ec\/ficto\/diseno-industrial-ecuador-contactanos\/","url":"http:\/\/ficto.com.ec\/ficto\/diseno-industrial-ecuador-contactanos\/","name":"Contacto - Ficto","isPartOf":{"@id":"http:\/\/ficto.com.ec\/ficto\/#website"},"primaryImageOfPage":{"@id":"http:\/\/ficto.com.ec\/ficto\/diseno-industrial-ecuador-contactanos\/#primaryimage"},"image":{"@id":"http:\/\/ficto.com.ec\/ficto\/diseno-industrial-ecuador-contactanos\/#primaryimage"},"thumbnailUrl":"http:\/\/ficto.com.ec\/ficto\/wp-content\/uploads\/2013\/08\/zanto-foto4.jpg","datePublished":"2022-03-24T16:03:02+00:00","dateModified":"2023-11-15T00:57:43+00:00","description":"Creamos objetos con alma. Especializados en restaurantes, mobiliario e iluminaci\u00f3n. Nuestro trabajo impacta positivamente. Cont\u00e1ctanos","breadcrumb":{"@id":"http:\/\/ficto.com.ec\/ficto\/diseno-industrial-ecuador-contactanos\/#breadcrumb"},"inLanguage":"en-US","potentialAction":[{"@type":"ReadAction","target":["http:\/\/ficto.com.ec\/ficto\/diseno-industrial-ecuador-contactanos\/"]}]},{"@type":"ImageObject","inLanguage":"en-US","@id":"http:\/\/ficto.com.ec\/ficto\/diseno-industrial-ecuador-contactanos\/#primaryimage","url":"https:\/\/i0.wp.com\/ficto.com.ec\/ficto\/wp-content\/uploads\/2013\/08\/zanto-foto4.jpg?fit=1080%2C1080","contentUrl":"https:\/\/i0.wp.com\/ficto.com.ec\/ficto\/wp-content\/uploads\/2013\/08\/zanto-foto4.jpg?fit=1080%2C1080","width":1080,"height":1080,"caption":"Locales de comida mexicana, dise\u00f1o de restaurantes ecuador, dise\u00f1o de locales de comida r\u00e1pida, restaurantes cumbaya, paul astudillo dise\u00f1o"},{"@type":"BreadcrumbList","@id":"http:\/\/ficto.com.ec\/ficto\/diseno-industrial-ecuador-contactanos\/#breadcrumb","itemListElement":[{"@type":"ListItem","position":1,"name":"Home","item":"http:\/\/ficto.com.ec\/ficto\/"},{"@type":"ListItem","position":2,"name":"Contacto"}]},{"@type":"WebSite","@id":"http:\/\/ficto.com.ec\/ficto\/#website","url":"http:\/\/ficto.com.ec\/ficto\/","name":"Ficto. Dise\u00f1o Industrial Ecuador","description":"","publisher":{"@id":"http:\/\/ficto.com.ec\/ficto\/#organization"},"potentialAction":[{"@type":"SearchAction","target":{"@type":"EntryPoint","urlTemplate":"http:\/\/ficto.com.ec\/ficto\/?s={search_term_string}"},"query-input":{"@type":"PropertyValueSpecification","valueRequired":true,"valueName":"search_term_string"}}],"inLanguage":"en-US"},{"@type":"Organization","@id":"http:\/\/ficto.com.ec\/ficto\/#organization","name":"Ficto","url":"http:\/\/ficto.com.ec\/ficto\/","logo":{"@type":"ImageObject","inLanguage":"en-US","@id":"http:\/\/ficto.com.ec\/ficto\/#\/schema\/logo\/image\/","url":"https:\/\/i0.wp.com\/ficto.com.ec\/ficto\/wp-content\/uploads\/2019\/02\/ficto_logo_pagina.png?fit=263%2C300","contentUrl":"https:\/\/i0.wp.com\/ficto.com.ec\/ficto\/wp-content\/uploads\/2019\/02\/ficto_logo_pagina.png?fit=263%2C300","width":263,"height":300,"caption":"Ficto"},"image":{"@id":"http:\/\/ficto.com.ec\/ficto\/#\/schema\/logo\/image\/"},"sameAs":["https:\/\/www.facebook.com\/fictoec\/","https:\/\/x.com\/fictoec","https:\/\/www.instagram.com\/fictoec"]}]}},"jetpack_sharing_enabled":true,"_links":{"self":[{"href":"http:\/\/ficto.com.ec\/ficto\/wp-json\/wp\/v2\/pages\/456","targetHints":{"allow":["GET"]}}],"collection":[{"href":"http:\/\/ficto.com.ec\/ficto\/wp-json\/wp\/v2\/pages"}],"about":[{"href":"http:\/\/ficto.com.ec\/ficto\/wp-json\/wp\/v2\/types\/page"}],"author":[{"embeddable":true,"href":"http:\/\/ficto.com.ec\/ficto\/wp-json\/wp\/v2\/users\/1"}],"replies":[{"embeddable":true,"href":"http:\/\/ficto.com.ec\/ficto\/wp-json\/wp\/v2\/comments?post=456"}],"version-history":[{"count":5,"href":"http:\/\/ficto.com.ec\/ficto\/wp-json\/wp\/v2\/pages\/456\/revisions"}],"predecessor-version":[{"id":7705,"href":"http:\/\/ficto.com.ec\/ficto\/wp-json\/wp\/v2\/pages\/456\/revisions\/7705"}],"wp:attachment":[{"href":"http:\/\/ficto.com.ec\/ficto\/wp-json\/wp\/v2\/media?parent=456"}],"curies":[{"name":"wp","href":"https:\/\/api.w.org\/{rel}","templated":true}]}}