{"id":410,"date":"2022-03-24T13:48:50","date_gmt":"2022-03-24T13:48:50","guid":{"rendered":"https:\/\/aliothwp-light.pethemes.com\/?page_id=410"},"modified":"2024-10-14T02:14:16","modified_gmt":"2024-10-14T02:14:16","slug":"team-2","status":"publish","type":"page","link":"http:\/\/ficto.com.ec\/ficto\/team-2\/","title":{"rendered":"El equipo"},"content":{"rendered":"\t\t<div data-elementor-type=\"wp-page\" data-elementor-id=\"410\" class=\"elementor elementor-410\">\n\t\t\t\t\t\t<section class=\"elementor-section elementor-top-section elementor-element elementor-element-aa832d8 wrapper-wide elementor-section-boxed elementor-section-height-default elementor-section-height-default\" data-id=\"aa832d8\" data-element_type=\"section\" data-e-type=\"section\">\n\t\t\t\t\t\t<div class=\"elementor-container elementor-column-gap-default\">\n\t\t\t\t\t<div class=\"elementor-column elementor-col-33 elementor-top-column elementor-element elementor-element-b368bc4\" data-id=\"b368bc4\" data-element_type=\"column\" data-e-type=\"column\">\n\t\t\t<div class=\"elementor-widget-wrap\">\n\t\t\t\t\t\t\t<\/div>\n\t\t<\/div>\n\t\t\t\t<div class=\"elementor-column elementor-col-66 elementor-top-column elementor-element elementor-element-88ddcb9\" data-id=\"88ddcb9\" data-element_type=\"column\" data-e-type=\"column\">\n\t\t\t<div class=\"elementor-widget-wrap elementor-element-populated\">\n\t\t\t\t\t\t<div class=\"elementor-element elementor-element-07d8533 elementor-widget elementor-widget-aliothtextwrapper\" data-id=\"07d8533\" data-element_type=\"widget\" data-e-type=\"widget\" data-widget_type=\"aliothtextwrapper.default\">\n\t\t\t\t<div class=\"elementor-widget-container\">\n\t\t\t\t\t\n\n<div class=\"text-wrapper align-left\">\n\n    <h3 class=\"has-anim\" data-animation=\"linesUp\" data-duration=\"1\" data-delay=\"0.1\" data-stagger=\"0.1\">A nuestro equipo le encanta dise\u00f1ar con comida o para comer. Nuestra metodolog\u00eda nace del Food Design, lo que nos ha encaminado por diferentes proyectos. En espacios para comer, podemos trabajar desde los muebles hasta el dise\u00f1o del restaurante, nuestro equipo se asegura de que todos los aspectos est\u00e9n bien cuidados para un proyecto exitoso, sin importar cu\u00e1n grande o peque\u00f1o sea.<\/h3>\n<\/div>\n\n\n\t\t\t\t<\/div>\n\t\t\t\t<\/div>\n\t\t\t\t\t<\/div>\n\t\t<\/div>\n\t\t\t\t\t<\/div>\n\t\t<\/section>\n\t\t\t\t<section class=\"elementor-section elementor-top-section elementor-element elementor-element-ae33028 wrapper-fuller elementor-section-full_width elementor-section-height-default elementor-section-height-default\" data-id=\"ae33028\" data-element_type=\"section\" data-e-type=\"section\">\n\t\t\t\t\t\t<div class=\"elementor-container elementor-column-gap-default\">\n\t\t\t\t\t<div class=\"elementor-column elementor-col-33 elementor-top-column elementor-element elementor-element-d7c00de\" data-id=\"d7c00de\" data-element_type=\"column\" data-e-type=\"column\">\n\t\t\t<div class=\"elementor-widget-wrap elementor-element-populated\">\n\t\t\t\t\t\t<div class=\"elementor-element elementor-element-490c21a elementor-widget elementor-widget-aliothteammeber\" data-id=\"490c21a\" data-element_type=\"widget\" data-e-type=\"widget\" data-widget_type=\"aliothteammeber.default\">\n\t\t\t\t<div class=\"elementor-widget-container\">\n\t\t\t\t\t\n\n\n<!--Team Member-->\n<div class=\"alioth-team-member\">\n\n    <!--Team Member Image-->\n    <div class=\"member-image\">\n\n        <img data-recalc-dims=\"1\" decoding=\"async\" alt=\"Paul Astudillo dise\u00f1ador, Paul Astudillo Vallejo, dise\u00f1ador industrial ecuador\" src=\"https:\/\/i0.wp.com\/ficto.com.ec\/ficto\/wp-content\/uploads\/2022\/12\/paul_astudillo-1.jpg?w=640\">\n\n    <\/div>\n    <!--\/Team Member Image-->\n\n    <!--Team Member Meta-->\n    <div class=\"member-meta\">\n\n        <!--Team Member Name-->\n        <div class=\"member-name\">Paul Astudillo<\/div>\n        <!--\/Team Member Name-->\n\n        <!--Team Member Title-->\n        <div class=\"member-title\">CEO<\/div>\n        <!--\/Team Member Title-->\n\n    <\/div>\n    <!--\/Team Member Meta-->\n\n    <!--Team Member Socials-->\n    <div class=\"member-socials\">\n        <ul>\n\n                        <li><a href=\"http:\/\/facebook.com\/paul.astudillo.7\">Facebook<\/a><\/li>\n                        <li><a href=\"https:\/\/twitter.com\/pastv\">Twitter<\/a><\/li>\n                        <li><a href=\"https:\/\/www.linkedin.com\/in\/paulastudillo\/\">Linkedin<\/a><\/li>\n                        <li><a href=\"https:\/\/www.instagram.com\/pastv_\/\">Instagram<\/a><\/li>\n                    <\/ul>\n    <\/div>\n    <!--\/Team Member Socials-->\n\n<\/div>\n<!--\/Team Member-->\n\n\n\t\t\t\t<\/div>\n\t\t\t\t<\/div>\n\t\t\t\t\t<\/div>\n\t\t<\/div>\n\t\t\t\t<div class=\"has-parallax elementor-column elementor-col-33 elementor-top-column elementor-element elementor-element-707c417\" data-parallax-strength=\"0.05\" data-parallax-direction=\"up\" data-id=\"707c417\" data-element_type=\"column\" data-e-type=\"column\">\n\t\t\t<div class=\"elementor-widget-wrap elementor-element-populated\">\n\t\t\t\t\t\t<div class=\"elementor-element elementor-element-c2d87d0 elementor-widget elementor-widget-aliothteammeber\" data-id=\"c2d87d0\" data-element_type=\"widget\" data-e-type=\"widget\" data-widget_type=\"aliothteammeber.default\">\n\t\t\t\t<div class=\"elementor-widget-container\">\n\t\t\t\t\t\n\n\n<!--Team Member-->\n<div class=\"alioth-team-member\">\n\n    <!--Team Member Image-->\n    <div class=\"member-image\">\n\n        <img data-recalc-dims=\"1\" decoding=\"async\" alt=\"\" src=\"https:\/\/i0.wp.com\/ficto.com.ec\/ficto\/wp-content\/uploads\/2024\/10\/lucho_web_ficto-1.jpg?w=640\">\n\n    <\/div>\n    <!--\/Team Member Image-->\n\n    <!--Team Member Meta-->\n    <div class=\"member-meta\">\n\n        <!--Team Member Name-->\n        <div class=\"member-name\">Lucho Vallejo<\/div>\n        <!--\/Team Member Name-->\n\n        <!--Team Member Title-->\n        <div class=\"member-title\">Art Director<\/div>\n        <!--\/Team Member Title-->\n\n    <\/div>\n    <!--\/Team Member Meta-->\n\n    <!--Team Member Socials-->\n    <div class=\"member-socials\">\n        <ul>\n\n                        <li><a href=\"https:\/\/www.facebook.com\/profile.php?id=100010718861661\">Facebook<\/a><\/li>\n                        <li><a href=\"https:\/\/www.instagram.com\/luchovallejo\/\">Instagram<\/a><\/li>\n                    <\/ul>\n    <\/div>\n    <!--\/Team Member Socials-->\n\n<\/div>\n<!--\/Team Member-->\n\n\n\t\t\t\t<\/div>\n\t\t\t\t<\/div>\n\t\t\t\t\t<\/div>\n\t\t<\/div>\n\t\t\t\t<div class=\"has-parallax elementor-column elementor-col-33 elementor-top-column elementor-element elementor-element-e1a6b2c\" data-parallax-strength=\"0.05\" data-parallax-direction=\"down\" data-id=\"e1a6b2c\" data-element_type=\"column\" data-e-type=\"column\">\n\t\t\t<div class=\"elementor-widget-wrap elementor-element-populated\">\n\t\t\t\t\t\t<div class=\"elementor-element elementor-element-415ee94 elementor-widget elementor-widget-aliothteammeber\" data-id=\"415ee94\" data-element_type=\"widget\" data-e-type=\"widget\" data-widget_type=\"aliothteammeber.default\">\n\t\t\t\t<div class=\"elementor-widget-container\">\n\t\t\t\t\t\n\n\n<!--Team Member-->\n<div class=\"alioth-team-member\">\n\n    <!--Team Member Image-->\n    <div class=\"member-image\">\n\n        <img data-recalc-dims=\"1\" decoding=\"async\" alt=\"\" src=\"https:\/\/i0.wp.com\/ficto.com.ec\/ficto\/wp-content\/uploads\/2024\/10\/pocho_web_ficto-1.jpg?w=640\">\n\n    <\/div>\n    <!--\/Team Member Image-->\n\n    <!--Team Member Meta-->\n    <div class=\"member-meta\">\n\n        <!--Team Member Name-->\n        <div class=\"member-name\">Pocho<\/div>\n        <!--\/Team Member Name-->\n\n        <!--Team Member Title-->\n        <div class=\"member-title\">El gran jefe<\/div>\n        <!--\/Team Member Title-->\n\n    <\/div>\n    <!--\/Team Member Meta-->\n\n    <!--Team Member Socials-->\n    <div class=\"member-socials\">\n        <ul>\n\n                        <li><a href=\"#.\">Behance<\/a><\/li>\n                        <li><a href=\"#.\">Instagram<\/a><\/li>\n                    <\/ul>\n    <\/div>\n    <!--\/Team Member Socials-->\n\n<\/div>\n<!--\/Team Member-->\n\n\n\t\t\t\t<\/div>\n\t\t\t\t<\/div>\n\t\t\t\t\t<\/div>\n\t\t<\/div>\n\t\t\t\t\t<\/div>\n\t\t<\/section>\n\t\t\t\t<section class=\"elementor-section elementor-top-section elementor-element elementor-element-fa47621 wrapper-smaller elementor-section-boxed elementor-section-height-default elementor-section-height-default\" data-id=\"fa47621\" data-element_type=\"section\" data-e-type=\"section\">\n\t\t\t\t\t\t<div class=\"elementor-container elementor-column-gap-default\">\n\t\t\t\t\t<div class=\"elementor-column elementor-col-100 elementor-top-column elementor-element elementor-element-9776c6c\" data-id=\"9776c6c\" data-element_type=\"column\" data-e-type=\"column\">\n\t\t\t<div class=\"elementor-widget-wrap elementor-element-populated\">\n\t\t\t\t\t\t<div class=\"elementor-element elementor-element-b3a8280 elementor-widget elementor-widget-aliothtextwrapper\" data-id=\"b3a8280\" data-element_type=\"widget\" data-e-type=\"widget\" data-widget_type=\"aliothtextwrapper.default\">\n\t\t\t\t<div class=\"elementor-widget-container\">\n\t\t\t\t\t\n\n<div class=\"text-wrapper align-left\">\n\n    <h5 class=\"has-anim\" data-animation=\"wordsUp\" data-duration=\"1\" data-delay=\"0.1\" data-stagger=\"0.02\">Ficto se diferencia por su capacidad para entender las emociones que se experimentan en torno a la comida y c\u00f3mo estas se conectan con el entorno. \n<\/br>Cada proyecto que desarrollamos es una representaci\u00f3n \u00fanica de esa sinergia, fusionando, la cocina con el servicio y con el espacio; elementos que invitan a vivir momentos memorables.\nBajo la direcci\u00f3n de Paul Astudillo y Lucho Vallejo, Ficto ha logrado construir un camino en el \u00e1mbito del dise\u00f1o en Ecuador, trabajando de la mano con chefs, gerentes y emprendedores para transformar restaurantes en experiencias gastron\u00f3micas. Desde la disposici\u00f3n de una mesa hasta la iluminaci\u00f3n, el equipo de Ficto asegura que cada detalle est\u00e9 pensado para crear un lazo emocional entre el comensal, la comida y el espacio.<\/h5>\n<\/div>\n\n\n\t\t\t\t<\/div>\n\t\t\t\t<\/div>\n\t\t\t\t\t<\/div>\n\t\t<\/div>\n\t\t\t\t\t<\/div>\n\t\t<\/section>\n\t\t\t\t<section class=\"elementor-section elementor-top-section elementor-element elementor-element-5f3d4e2 wrapper-fuller elementor-section-full_width elementor-section-height-default elementor-section-height-default\" data-id=\"5f3d4e2\" data-element_type=\"section\" data-e-type=\"section\">\n\t\t\t\t\t\t<div class=\"elementor-container elementor-column-gap-default\">\n\t\t\t\t\t<div class=\"elementor-column elementor-col-100 elementor-top-column elementor-element elementor-element-8c888ad\" data-id=\"8c888ad\" data-element_type=\"column\" data-e-type=\"column\">\n\t\t\t<div class=\"elementor-widget-wrap elementor-element-populated\">\n\t\t\t\t\t\t<div class=\"elementor-element elementor-element-26f7cff elementor-widget elementor-widget-aliothpagenav\" data-id=\"26f7cff\" data-element_type=\"widget\" data-e-type=\"widget\" data-widget_type=\"aliothpagenav.default\">\n\t\t\t\t<div class=\"elementor-widget-container\">\n\t\t\t\t\t\n\n<!-- Page Nav -->\n<div class=\"alioth-page-nav light\" data-duration=\"8000\">\n\n    <!--Page URL-->\n    <a target=\"_self\" href=\"mailto: hi@ficto.com.ec\">\n\n        <!-- Page Title -->\n        <div class=\"page-title\">hi@ficto.com.ec<\/div>\n        <!-- \/Page Title -->\n\n        <!-- Page Sub-Title -->\n        <div class=\"page-sub-title\">\u00bfQuieres ser parte del equipo?<\/div>\n        <!-- \/Page Sub-Title -->\n\n    <\/a>\n\n<\/div>\n<!-- \/Page Nav -->\n\n\n\t\t\t\t<\/div>\n\t\t\t\t<\/div>\n\t\t\t\t\t<\/div>\n\t\t<\/div>\n\t\t\t\t\t<\/div>\n\t\t<\/section>\n\t\t\t\t<\/div>\n\t\t","protected":false},"excerpt":{"rendered":"<p>A nuestro equipo le encanta dise\u00f1ar con comida o para comer. Nuestra metodolog\u00eda nace del Food Design, lo que nos ha encaminado por diferentes proyectos. En espacios para comer, podemos trabajar desde los muebles hasta el dise\u00f1o del restaurante, nuestro equipo se asegura de que todos los aspectos est\u00e9n bien cuidados para un proyecto exitoso, [&hellip;]<\/p>\n","protected":false},"author":1,"featured_media":0,"parent":0,"menu_order":0,"comment_status":"closed","ping_status":"closed","template":"","meta":{"_acf_changed":false,"nf_dc_page":"","om_disable_all_campaigns":false,"_monsterinsights_skip_tracking":false,"_monsterinsights_sitenote_active":false,"_monsterinsights_sitenote_note":"","_monsterinsights_sitenote_category":0,"_joinchat":[],"footnotes":""},"class_list":["post-410","page","type-page","status-publish","hentry"],"acf":[],"yoast_head":"<!-- This site is optimized with the Yoast SEO plugin v27.4 - https:\/\/yoast.com\/product\/yoast-seo-wordpress\/ -->\n<title>El equipo - Ficto<\/title>\n<meta name=\"robots\" content=\"index, follow, max-snippet:-1, max-image-preview:large, max-video-preview:-1\" \/>\n<link rel=\"canonical\" href=\"http:\/\/ficto.com.ec\/ficto\/team-2\/\" \/>\n<meta property=\"og:locale\" content=\"en_US\" \/>\n<meta property=\"og:type\" content=\"article\" \/>\n<meta property=\"og:title\" content=\"El equipo - Ficto\" \/>\n<meta property=\"og:description\" content=\"A nuestro equipo le encanta dise\u00f1ar con comida o para comer. Nuestra metodolog\u00eda nace del Food Design, lo que nos ha encaminado por diferentes proyectos. En espacios para comer, podemos trabajar desde los muebles hasta el dise\u00f1o del restaurante, nuestro equipo se asegura de que todos los aspectos est\u00e9n bien cuidados para un proyecto exitoso, [&hellip;]\" \/>\n<meta property=\"og:url\" content=\"http:\/\/ficto.com.ec\/ficto\/team-2\/\" \/>\n<meta property=\"og:site_name\" content=\"Ficto\" \/>\n<meta property=\"article:publisher\" content=\"https:\/\/www.facebook.com\/fictoec\/\" \/>\n<meta property=\"article:modified_time\" content=\"2024-10-14T02:14:16+00:00\" \/>\n<meta property=\"og:image\" content=\"http:\/\/ficto.com.ec\/ficto\/wp-content\/uploads\/2022\/12\/paul_astudillo-1.jpg\" \/>\n<meta name=\"twitter:card\" content=\"summary_large_image\" \/>\n<meta name=\"twitter:site\" content=\"@fictoec\" \/>\n<meta name=\"twitter:label1\" content=\"Est. reading time\" \/>\n\t<meta name=\"twitter:data1\" content=\"2 minutes\" \/>\n<script type=\"application\/ld+json\" class=\"yoast-schema-graph\">{\"@context\":\"https:\\\/\\\/schema.org\",\"@graph\":[{\"@type\":\"WebPage\",\"@id\":\"http:\\\/\\\/ficto.com.ec\\\/ficto\\\/team-2\\\/\",\"url\":\"http:\\\/\\\/ficto.com.ec\\\/ficto\\\/team-2\\\/\",\"name\":\"El equipo - Ficto\",\"isPartOf\":{\"@id\":\"http:\\\/\\\/ficto.com.ec\\\/ficto\\\/#website\"},\"primaryImageOfPage\":{\"@id\":\"http:\\\/\\\/ficto.com.ec\\\/ficto\\\/team-2\\\/#primaryimage\"},\"image\":{\"@id\":\"http:\\\/\\\/ficto.com.ec\\\/ficto\\\/team-2\\\/#primaryimage\"},\"thumbnailUrl\":\"http:\\\/\\\/ficto.com.ec\\\/ficto\\\/wp-content\\\/uploads\\\/2022\\\/12\\\/paul_astudillo-1.jpg\",\"datePublished\":\"2022-03-24T13:48:50+00:00\",\"dateModified\":\"2024-10-14T02:14:16+00:00\",\"breadcrumb\":{\"@id\":\"http:\\\/\\\/ficto.com.ec\\\/ficto\\\/team-2\\\/#breadcrumb\"},\"inLanguage\":\"en-US\",\"potentialAction\":[{\"@type\":\"ReadAction\",\"target\":[\"http:\\\/\\\/ficto.com.ec\\\/ficto\\\/team-2\\\/\"]}]},{\"@type\":\"ImageObject\",\"inLanguage\":\"en-US\",\"@id\":\"http:\\\/\\\/ficto.com.ec\\\/ficto\\\/team-2\\\/#primaryimage\",\"url\":\"https:\\\/\\\/i0.wp.com\\\/ficto.com.ec\\\/ficto\\\/wp-content\\\/uploads\\\/2022\\\/12\\\/paul_astudillo-1.jpg?fit=800%2C1075\",\"contentUrl\":\"https:\\\/\\\/i0.wp.com\\\/ficto.com.ec\\\/ficto\\\/wp-content\\\/uploads\\\/2022\\\/12\\\/paul_astudillo-1.jpg?fit=800%2C1075\",\"width\":800,\"height\":1075,\"caption\":\"Paul Astudillo dise\u00f1ador, Paul Astudillo Vallejo, dise\u00f1ador industrial ecuador\"},{\"@type\":\"BreadcrumbList\",\"@id\":\"http:\\\/\\\/ficto.com.ec\\\/ficto\\\/team-2\\\/#breadcrumb\",\"itemListElement\":[{\"@type\":\"ListItem\",\"position\":1,\"name\":\"Home\",\"item\":\"http:\\\/\\\/ficto.com.ec\\\/ficto\\\/\"},{\"@type\":\"ListItem\",\"position\":2,\"name\":\"El equipo\"}]},{\"@type\":\"WebSite\",\"@id\":\"http:\\\/\\\/ficto.com.ec\\\/ficto\\\/#website\",\"url\":\"http:\\\/\\\/ficto.com.ec\\\/ficto\\\/\",\"name\":\"Ficto. Dise\u00f1o Industrial Ecuador\",\"description\":\"\",\"publisher\":{\"@id\":\"http:\\\/\\\/ficto.com.ec\\\/ficto\\\/#organization\"},\"potentialAction\":[{\"@type\":\"SearchAction\",\"target\":{\"@type\":\"EntryPoint\",\"urlTemplate\":\"http:\\\/\\\/ficto.com.ec\\\/ficto\\\/?s={search_term_string}\"},\"query-input\":{\"@type\":\"PropertyValueSpecification\",\"valueRequired\":true,\"valueName\":\"search_term_string\"}}],\"inLanguage\":\"en-US\"},{\"@type\":\"Organization\",\"@id\":\"http:\\\/\\\/ficto.com.ec\\\/ficto\\\/#organization\",\"name\":\"Ficto\",\"url\":\"http:\\\/\\\/ficto.com.ec\\\/ficto\\\/\",\"logo\":{\"@type\":\"ImageObject\",\"inLanguage\":\"en-US\",\"@id\":\"http:\\\/\\\/ficto.com.ec\\\/ficto\\\/#\\\/schema\\\/logo\\\/image\\\/\",\"url\":\"https:\\\/\\\/i0.wp.com\\\/ficto.com.ec\\\/ficto\\\/wp-content\\\/uploads\\\/2019\\\/02\\\/ficto_logo_pagina.png?fit=263%2C300\",\"contentUrl\":\"https:\\\/\\\/i0.wp.com\\\/ficto.com.ec\\\/ficto\\\/wp-content\\\/uploads\\\/2019\\\/02\\\/ficto_logo_pagina.png?fit=263%2C300\",\"width\":263,\"height\":300,\"caption\":\"Ficto\"},\"image\":{\"@id\":\"http:\\\/\\\/ficto.com.ec\\\/ficto\\\/#\\\/schema\\\/logo\\\/image\\\/\"},\"sameAs\":[\"https:\\\/\\\/www.facebook.com\\\/fictoec\\\/\",\"https:\\\/\\\/x.com\\\/fictoec\",\"https:\\\/\\\/www.instagram.com\\\/fictoec\"]}]}<\/script>\n<!-- \/ Yoast SEO plugin. -->","yoast_head_json":{"title":"El equipo - Ficto","robots":{"index":"index","follow":"follow","max-snippet":"max-snippet:-1","max-image-preview":"max-image-preview:large","max-video-preview":"max-video-preview:-1"},"canonical":"http:\/\/ficto.com.ec\/ficto\/team-2\/","og_locale":"en_US","og_type":"article","og_title":"El equipo - Ficto","og_description":"A nuestro equipo le encanta dise\u00f1ar con comida o para comer. Nuestra metodolog\u00eda nace del Food Design, lo que nos ha encaminado por diferentes proyectos. En espacios para comer, podemos trabajar desde los muebles hasta el dise\u00f1o del restaurante, nuestro equipo se asegura de que todos los aspectos est\u00e9n bien cuidados para un proyecto exitoso, [&hellip;]","og_url":"http:\/\/ficto.com.ec\/ficto\/team-2\/","og_site_name":"Ficto","article_publisher":"https:\/\/www.facebook.com\/fictoec\/","article_modified_time":"2024-10-14T02:14:16+00:00","og_image":[{"url":"http:\/\/ficto.com.ec\/ficto\/wp-content\/uploads\/2022\/12\/paul_astudillo-1.jpg","type":"","width":"","height":""}],"twitter_card":"summary_large_image","twitter_site":"@fictoec","twitter_misc":{"Est. reading time":"2 minutes"},"schema":{"@context":"https:\/\/schema.org","@graph":[{"@type":"WebPage","@id":"http:\/\/ficto.com.ec\/ficto\/team-2\/","url":"http:\/\/ficto.com.ec\/ficto\/team-2\/","name":"El equipo - Ficto","isPartOf":{"@id":"http:\/\/ficto.com.ec\/ficto\/#website"},"primaryImageOfPage":{"@id":"http:\/\/ficto.com.ec\/ficto\/team-2\/#primaryimage"},"image":{"@id":"http:\/\/ficto.com.ec\/ficto\/team-2\/#primaryimage"},"thumbnailUrl":"http:\/\/ficto.com.ec\/ficto\/wp-content\/uploads\/2022\/12\/paul_astudillo-1.jpg","datePublished":"2022-03-24T13:48:50+00:00","dateModified":"2024-10-14T02:14:16+00:00","breadcrumb":{"@id":"http:\/\/ficto.com.ec\/ficto\/team-2\/#breadcrumb"},"inLanguage":"en-US","potentialAction":[{"@type":"ReadAction","target":["http:\/\/ficto.com.ec\/ficto\/team-2\/"]}]},{"@type":"ImageObject","inLanguage":"en-US","@id":"http:\/\/ficto.com.ec\/ficto\/team-2\/#primaryimage","url":"https:\/\/i0.wp.com\/ficto.com.ec\/ficto\/wp-content\/uploads\/2022\/12\/paul_astudillo-1.jpg?fit=800%2C1075","contentUrl":"https:\/\/i0.wp.com\/ficto.com.ec\/ficto\/wp-content\/uploads\/2022\/12\/paul_astudillo-1.jpg?fit=800%2C1075","width":800,"height":1075,"caption":"Paul Astudillo dise\u00f1ador, Paul Astudillo Vallejo, dise\u00f1ador industrial ecuador"},{"@type":"BreadcrumbList","@id":"http:\/\/ficto.com.ec\/ficto\/team-2\/#breadcrumb","itemListElement":[{"@type":"ListItem","position":1,"name":"Home","item":"http:\/\/ficto.com.ec\/ficto\/"},{"@type":"ListItem","position":2,"name":"El equipo"}]},{"@type":"WebSite","@id":"http:\/\/ficto.com.ec\/ficto\/#website","url":"http:\/\/ficto.com.ec\/ficto\/","name":"Ficto. Dise\u00f1o Industrial Ecuador","description":"","publisher":{"@id":"http:\/\/ficto.com.ec\/ficto\/#organization"},"potentialAction":[{"@type":"SearchAction","target":{"@type":"EntryPoint","urlTemplate":"http:\/\/ficto.com.ec\/ficto\/?s={search_term_string}"},"query-input":{"@type":"PropertyValueSpecification","valueRequired":true,"valueName":"search_term_string"}}],"inLanguage":"en-US"},{"@type":"Organization","@id":"http:\/\/ficto.com.ec\/ficto\/#organization","name":"Ficto","url":"http:\/\/ficto.com.ec\/ficto\/","logo":{"@type":"ImageObject","inLanguage":"en-US","@id":"http:\/\/ficto.com.ec\/ficto\/#\/schema\/logo\/image\/","url":"https:\/\/i0.wp.com\/ficto.com.ec\/ficto\/wp-content\/uploads\/2019\/02\/ficto_logo_pagina.png?fit=263%2C300","contentUrl":"https:\/\/i0.wp.com\/ficto.com.ec\/ficto\/wp-content\/uploads\/2019\/02\/ficto_logo_pagina.png?fit=263%2C300","width":263,"height":300,"caption":"Ficto"},"image":{"@id":"http:\/\/ficto.com.ec\/ficto\/#\/schema\/logo\/image\/"},"sameAs":["https:\/\/www.facebook.com\/fictoec\/","https:\/\/x.com\/fictoec","https:\/\/www.instagram.com\/fictoec"]}]}},"jetpack_sharing_enabled":true,"_links":{"self":[{"href":"http:\/\/ficto.com.ec\/ficto\/wp-json\/wp\/v2\/pages\/410","targetHints":{"allow":["GET"]}}],"collection":[{"href":"http:\/\/ficto.com.ec\/ficto\/wp-json\/wp\/v2\/pages"}],"about":[{"href":"http:\/\/ficto.com.ec\/ficto\/wp-json\/wp\/v2\/types\/page"}],"author":[{"embeddable":true,"href":"http:\/\/ficto.com.ec\/ficto\/wp-json\/wp\/v2\/users\/1"}],"replies":[{"embeddable":true,"href":"http:\/\/ficto.com.ec\/ficto\/wp-json\/wp\/v2\/comments?post=410"}],"version-history":[{"count":5,"href":"http:\/\/ficto.com.ec\/ficto\/wp-json\/wp\/v2\/pages\/410\/revisions"}],"predecessor-version":[{"id":9114,"href":"http:\/\/ficto.com.ec\/ficto\/wp-json\/wp\/v2\/pages\/410\/revisions\/9114"}],"wp:attachment":[{"href":"http:\/\/ficto.com.ec\/ficto\/wp-json\/wp\/v2\/media?parent=410"}],"curies":[{"name":"wp","href":"https:\/\/api.w.org\/{rel}","templated":true}]}}